{"id":1342,"date":"2019-11-27T15:44:41","date_gmt":"2019-11-27T14:44:41","guid":{"rendered":"https:\/\/www.kathrynsanderson.com\/product\/cucina-rustica-sur-commande\/"},"modified":"2021-02-08T21:54:53","modified_gmt":"2021-02-08T20:54:53","slug":"cucina-rustica-sur-commande","status":"publish","type":"product","link":"https:\/\/www.kathrynsanderson.com\/fr\/produit\/cucina-rustica-sur-commande\/","title":{"rendered":"Cucina Rustica Sur Commande"},"content":{"rendered":"<p>[vc_row][vc_column][vc_column_text el_class=&#8221;ks_long_product_description&#8221;]<\/p>\n<p style=\"text-align: center;\">Peut-\u00eatre que vous aimeriez un tr\u00e8s long chemin de table. Peut-\u00eatre que vous n&#8217;aimez pas avoir une boucle ou une \u00e9tiquette. Peut-\u00eatre que vous voulez faire des rideaux sous votre \u00e9vier de cuisine en b\u00e9ton. Quelle que soit votre cr\u00e9ativit\u00e9 vous ordonne \u00e0 faire, nous sommes heureux de vous aider. S\u00e9lectionnez vos options et nous pr\u00e9parerons une longueur sur commande personnalis\u00e9e pour vous.<\/p>\n<p style=\"text-align: center;\">Compos\u00e9e de 100% lin lav\u00e9 fran\u00e7ais r\u00e9colt\u00e9 en Normandie et tiss\u00e9 dans le Nord. Des la fibre de lin au rouleau de tissu, enti\u00e8rement fabriqu\u00e9 en nord de la france<\/p>\n<p>[\/vc_column_text][\/vc_column][\/vc_row][vc_row][vc_column css=&#8221;.vc_custom_1592462943780{padding-top: 140% !important;padding-right: 0px !important;padding-bottom: 0px !important;padding-left: 0px !important;background-image: url(https:\/\/www.kathrynsanderson.com\/wp-content\/uploads\/2020\/02\/CURU_DSC_9273-1.jpg?id=1007) !important;background-position: center !important;background-repeat: no-repeat !important;background-size: cover !important;}&#8221;][\/vc_column][\/vc_row][vc_row][vc_column width=&#8221;1\/2&#8243; css=&#8221;.vc_custom_1582119552917{padding-top: 30% !important;}&#8221;][vc_column_text]<\/p>\n<p style=\"text-align: center;\"><strong>Accrocher, ou ne pas accrocher :<\/strong><br \/>\n<strong>Telle est la question<\/strong><\/p>\n<p>[\/vc_column_text][\/vc_column][vc_column width=&#8221;1\/2&#8243;][vc_single_image image=&#8221;1053&#8243; img_size=&#8221;medium&#8221; onclick=&#8221;zoom&#8221; css=&#8221;.vc_custom_1584895580192{margin-top: 0px !important;margin-bottom: 0px !important;padding-right: 25% !important;}&#8221;][\/vc_column][\/vc_row][vc_row][vc_column css=&#8221;.vc_custom_1592462953070{padding-top: 66% !important;padding-bottom: 50px !important;background-image: url(https:\/\/www.kathrynsanderson.com\/wp-content\/uploads\/2019\/11\/CURU_DSC_9623.jpg?id=1079) !important;background-position: center !important;background-repeat: no-repeat !important;background-size: cover !important;}&#8221;][\/vc_column][\/vc_row][vc_row][vc_column css=&#8221;.vc_custom_1592462959842{padding-top: 130% !important;background-image: url(https:\/\/www.kathrynsanderson.com\/wp-content\/uploads\/2020\/02\/CURU_DSC_9599-1.jpg?id=1062) !important;background-position: center !important;background-repeat: no-repeat !important;background-size: cover !important;}&#8221;][\/vc_column][\/vc_row]<\/p>\n","protected":false},"excerpt":{"rendered":"<p style=\"text-align: center;\">Compos\u00e9e de 100% lin lav\u00e9 fran\u00e7ais r\u00e9colt\u00e9 en Normandie et tiss\u00e9 dans le Nord. Fournie avec des extr\u00e9mit\u00e9s coup\u00e9s ou ourl\u00e9s, avec ou sans \u00e9tiquette ou boucle.<\/p>\n<p style=\"text-align: center;\"><strong>52 cm de large<br \/>\nJusqu\u2019\u00e0 10 m\u00e8tres de long<\/strong><br \/>\n<a href=\"https:\/\/www.kathrynsanderson.com\/contact\/\">Contactez-nous pour plus long de 10 m\u00e8tres<\/a><\/p>\n","protected":false},"featured_media":1343,"template":"","meta":[],"yoast_head":"<!-- This site is optimized with the Yoast SEO plugin v15.9 - https:\/\/yoast.com\/wordpress\/plugins\/seo\/ -->\n<title>Cucina Rustica Sur Commande - Atelier Kathryn Sanderson<\/title>\n<meta name=\"robots\" content=\"index, follow, max-snippet:-1, max-image-preview:large, max-video-preview:-1\" \/>\n<link rel=\"canonical\" href=\"https:\/\/www.kathrynsanderson.com\/fr\/produit\/cucina-rustica-sur-commande\/\" \/>\n<meta property=\"og:locale\" content=\"fr_FR\" \/>\n<meta property=\"og:type\" content=\"article\" \/>\n<meta property=\"og:title\" content=\"Cucina Rustica Sur Commande - Atelier Kathryn Sanderson\" \/>\n<meta property=\"og:description\" content=\"Compos\u00e9e de 100% lin lav\u00e9 fran\u00e7ais r\u00e9colt\u00e9 en Normandie et tiss\u00e9 dans le Nord. Fournie avec des extr\u00e9mit\u00e9s coup\u00e9s ou ourl\u00e9s, avec ou sans \u00e9tiquette ou boucle. 52 cm de large Jusqu\u2019\u00e0 10 m\u00e8tres de long Contactez-nous pour plus long de 10 m\u00e8tres\" \/>\n<meta property=\"og:url\" content=\"https:\/\/www.kathrynsanderson.com\/fr\/produit\/cucina-rustica-sur-commande\/\" \/>\n<meta property=\"og:site_name\" content=\"Atelier Kathryn Sanderson\" \/>\n<meta property=\"article:publisher\" content=\"https:\/\/www.facebook.com\/ATELIERKATHRYNSANDERSON\" \/>\n<meta property=\"article:modified_time\" content=\"2021-02-08T20:54:53+00:00\" \/>\n<meta property=\"og:image\" content=\"https:\/\/www.kathrynsanderson.com\/wp-content\/uploads\/2020\/02\/CURU_DSC_9491-1.jpg\" \/>\n\t<meta property=\"og:image:width\" content=\"1200\" \/>\n\t<meta property=\"og:image:height\" content=\"1800\" \/>\n<meta name=\"twitter:card\" content=\"summary_large_image\" \/>\n<meta name=\"twitter:label1\" content=\"Dur\u00e9e de lecture est.\">\n\t<meta name=\"twitter:data1\" content=\"1 minute\">\n<script type=\"application\/ld+json\" class=\"yoast-schema-graph\">{\"@context\":\"https:\/\/schema.org\",\"@graph\":[{\"@type\":\"Organization\",\"@id\":\"https:\/\/www.kathrynsanderson.com\/#organization\",\"name\":\"Atelier Kathryn Sanderson\",\"url\":\"https:\/\/www.kathrynsanderson.com\/\",\"sameAs\":[\"https:\/\/www.facebook.com\/ATELIERKATHRYNSANDERSON\",\"https:\/\/www.instagram.com\/kathrynsanderson\",\"https:\/\/fr.linkedin.com\/in\/kathryn-sanderson-077587149\",\"https:\/\/www.pinterest.fr\/ATELIERKATHRYNSANDERSON\/\"],\"logo\":{\"@type\":\"ImageObject\",\"@id\":\"https:\/\/www.kathrynsanderson.com\/#logo\",\"inLanguage\":\"fr-FR\",\"url\":\"https:\/\/www.kathrynsanderson.com\/wp-content\/uploads\/2022\/11\/AKS_LOGO_BLACK.jpg\",\"width\":672,\"height\":383,\"caption\":\"Atelier Kathryn Sanderson\"},\"image\":{\"@id\":\"https:\/\/www.kathrynsanderson.com\/#logo\"}},{\"@type\":\"WebSite\",\"@id\":\"https:\/\/www.kathrynsanderson.com\/#website\",\"url\":\"https:\/\/www.kathrynsanderson.com\/\",\"name\":\"Atelier Kathryn Sanderson\",\"description\":\"The Empire strikes back\",\"publisher\":{\"@id\":\"https:\/\/www.kathrynsanderson.com\/#organization\"},\"potentialAction\":[{\"@type\":\"SearchAction\",\"target\":\"https:\/\/www.kathrynsanderson.com\/?s={search_term_string}\",\"query-input\":\"required name=search_term_string\"}],\"inLanguage\":\"fr-FR\"},{\"@type\":\"ImageObject\",\"@id\":\"https:\/\/www.kathrynsanderson.com\/fr\/produit\/cucina-rustica-sur-commande\/#primaryimage\",\"inLanguage\":\"fr-FR\",\"url\":\"https:\/\/www.kathrynsanderson.com\/wp-content\/uploads\/2020\/02\/CURU_DSC_9491-1.jpg\",\"width\":1200,\"height\":1800},{\"@type\":\"WebPage\",\"@id\":\"https:\/\/www.kathrynsanderson.com\/fr\/produit\/cucina-rustica-sur-commande\/#webpage\",\"url\":\"https:\/\/www.kathrynsanderson.com\/fr\/produit\/cucina-rustica-sur-commande\/\",\"name\":\"Cucina Rustica Sur Commande - Atelier Kathryn Sanderson\",\"isPartOf\":{\"@id\":\"https:\/\/www.kathrynsanderson.com\/#website\"},\"primaryImageOfPage\":{\"@id\":\"https:\/\/www.kathrynsanderson.com\/fr\/produit\/cucina-rustica-sur-commande\/#primaryimage\"},\"datePublished\":\"2019-11-27T14:44:41+00:00\",\"dateModified\":\"2021-02-08T20:54:53+00:00\",\"breadcrumb\":{\"@id\":\"https:\/\/www.kathrynsanderson.com\/fr\/produit\/cucina-rustica-sur-commande\/#breadcrumb\"},\"inLanguage\":\"fr-FR\",\"potentialAction\":[{\"@type\":\"ReadAction\",\"target\":[\"https:\/\/www.kathrynsanderson.com\/fr\/produit\/cucina-rustica-sur-commande\/\"]}]},{\"@type\":\"BreadcrumbList\",\"@id\":\"https:\/\/www.kathrynsanderson.com\/fr\/produit\/cucina-rustica-sur-commande\/#breadcrumb\",\"itemListElement\":[{\"@type\":\"ListItem\",\"position\":1,\"item\":{\"@type\":\"WebPage\",\"@id\":\"https:\/\/www.kathrynsanderson.com\/fr\/atelier-kathryn-sanderson\/\",\"url\":\"https:\/\/www.kathrynsanderson.com\/fr\/atelier-kathryn-sanderson\/\",\"name\":\"Home\"}},{\"@type\":\"ListItem\",\"position\":2,\"item\":{\"@type\":\"WebPage\",\"@id\":\"https:\/\/www.kathrynsanderson.com\/fr\/boutique\/\",\"url\":\"https:\/\/www.kathrynsanderson.com\/fr\/boutique\/\",\"name\":\"Boutique\"}},{\"@type\":\"ListItem\",\"position\":3,\"item\":{\"@type\":\"WebPage\",\"@id\":\"https:\/\/www.kathrynsanderson.com\/fr\/produit\/cucina-rustica-sur-commande\/\",\"url\":\"https:\/\/www.kathrynsanderson.com\/fr\/produit\/cucina-rustica-sur-commande\/\",\"name\":\"Cucina Rustica Sur Commande\"}}]}]}<\/script>\n<!-- \/ Yoast SEO plugin. -->","_links":{"self":[{"href":"https:\/\/www.kathrynsanderson.com\/fr\/wp-json\/wp\/v2\/product\/1342"}],"collection":[{"href":"https:\/\/www.kathrynsanderson.com\/fr\/wp-json\/wp\/v2\/product"}],"about":[{"href":"https:\/\/www.kathrynsanderson.com\/fr\/wp-json\/wp\/v2\/types\/product"}],"wp:featuredmedia":[{"embeddable":true,"href":"https:\/\/www.kathrynsanderson.com\/fr\/wp-json\/wp\/v2\/media\/1343"}],"wp:attachment":[{"href":"https:\/\/www.kathrynsanderson.com\/fr\/wp-json\/wp\/v2\/media?parent=1342"}],"curies":[{"name":"wp","href":"https:\/\/api.w.org\/{rel}","templated":true}]}}