{"id":1339,"date":"2019-11-16T00:46:11","date_gmt":"2019-11-15T23:46:11","guid":{"rendered":"https:\/\/www.kathrynsanderson.com\/product\/chemins-de-table-cucina-rustica\/"},"modified":"2021-02-08T21:35:20","modified_gmt":"2021-02-08T20:35:20","slug":"chemin-de-table-cucina-rustica","status":"publish","type":"product","link":"https:\/\/www.kathrynsanderson.com\/fr\/produit\/chemin-de-table-cucina-rustica\/","title":{"rendered":"Chemin de Table Cucina Rustica"},"content":{"rendered":"<p>[vc_row][vc_column][vc_column_text el_class=&#8221;ks_long_product_description&#8221;]<\/p>\n<p class=\"p1\" style=\"text-align: center;\">Pour votre table d&#8217;appoint, table de petit d\u00e9jeuner, table de ferme, table de d\u00eener, table de jardin ou m\u00eame votre table d&#8217;\u00e9v\u00e9nement, nous pouvons fabriquer votre chemin de table aussi longtemps que vous en avez besoin.<\/p>\n<p class=\"p1\" style=\"text-align: center;\">Compos\u00e9e de 100% lin lav\u00e9 fran\u00e7ais r\u00e9colt\u00e9 en Normandie et tiss\u00e9 dans le Nord. Des la fibre de lin au chemin de table finie, enti\u00e8rement fabriqu\u00e9 en nord de la france<\/p>\n<p class=\"p1\" style=\"text-align: center;\">\n<p>[\/vc_column_text][\/vc_column][\/vc_row][vc_row el_class=&#8221;aris-first-row&#8221;][vc_column css=&#8221;.vc_custom_1592463024649{margin-top: 0px !important;margin-bottom: 0px !important;padding-top: 147% !important;padding-bottom: 0px !important;background-image: url(https:\/\/www.kathrynsanderson.com\/wp-content\/uploads\/2020\/02\/CURU_DSC_9599-1.jpg?id=1062) !important;background-position: center !important;background-repeat: no-repeat !important;background-size: cover !important;}&#8221;][vc_empty_space el_id=&#8221;ks_for_wpml_leave_alone&#8221;][\/vc_column][\/vc_row][vc_row el_class=&#8221;aris-tabac-row&#8221;][vc_column css=&#8221;.vc_custom_1592463031421{margin-top: 0px !important;margin-bottom: 0px !important;padding-top: 147% !important;background-image: url(https:\/\/www.kathrynsanderson.com\/wp-content\/uploads\/2019\/11\/CURU_DSC_9358.jpg?id=1185) !important;background-position: center !important;background-repeat: no-repeat !important;background-size: cover !important;}&#8221;][\/vc_column][\/vc_row][vc_row el_class=&#8221;aris-last-row&#8221;][vc_column css=&#8221;.vc_custom_1592463038228{margin-top: 0px !important;margin-bottom: 0px !important;padding-top: 147% !important;padding-bottom: 0px !important;background-image: url(https:\/\/www.kathrynsanderson.com\/wp-content\/uploads\/2019\/11\/CURU_DSC_9366.jpg?id=1186) !important;background-position: center !important;background-repeat: no-repeat !important;background-size: cover !important;}&#8221;][\/vc_column][\/vc_row]<\/p>\n","protected":false},"excerpt":{"rendered":"<p class=\"p1\" style=\"text-align: center;\">Compos\u00e9e de 100% lin lav\u00e9 fran\u00e7ais r\u00e9colt\u00e9 en Normandie et tiss\u00e9 dans le Nord. N&#8217;oubliez pas d&#8217;ajouter la goutte \u00e0 chaque extr\u00e9mit\u00e9 de la table.<\/p>\n<p class=\"p1\" style=\"text-align: center;\"><strong>52 cm de large<br \/>\nJusqu&#8217;\u00e0 10 m\u00e8tres de long<\/strong><br \/>\n<a href=\"https:\/\/www.kathrynsanderson.com\/contact\/\">Contactez-nous pour plus long de 10 m\u00e8tres<\/a><\/p>\n","protected":false},"featured_media":3817,"template":"","meta":[],"yoast_head":"<!-- This site is optimized with the Yoast SEO plugin v15.9 - https:\/\/yoast.com\/wordpress\/plugins\/seo\/ -->\n<title>Chemin de Table Cucina Rustica - Atelier Kathryn Sanderson<\/title>\n<meta name=\"robots\" content=\"index, follow, max-snippet:-1, max-image-preview:large, max-video-preview:-1\" \/>\n<link rel=\"canonical\" href=\"https:\/\/www.kathrynsanderson.com\/fr\/produit\/chemin-de-table-cucina-rustica\/\" \/>\n<meta property=\"og:locale\" content=\"fr_FR\" \/>\n<meta property=\"og:type\" content=\"article\" \/>\n<meta property=\"og:title\" content=\"Chemin de Table Cucina Rustica - Atelier Kathryn Sanderson\" \/>\n<meta property=\"og:description\" content=\"Compos\u00e9e de 100% lin lav\u00e9 fran\u00e7ais r\u00e9colt\u00e9 en Normandie et tiss\u00e9 dans le Nord. N&#039;oubliez pas d&#039;ajouter la goutte \u00e0 chaque extr\u00e9mit\u00e9 de la table. 52 cm de large Jusqu&#039;\u00e0 10 m\u00e8tres de long Contactez-nous pour plus long de 10 m\u00e8tres\" \/>\n<meta property=\"og:url\" content=\"https:\/\/www.kathrynsanderson.com\/fr\/produit\/chemin-de-table-cucina-rustica\/\" \/>\n<meta property=\"og:site_name\" content=\"Atelier Kathryn Sanderson\" \/>\n<meta property=\"article:publisher\" content=\"https:\/\/www.facebook.com\/ATELIERKATHRYNSANDERSON\" \/>\n<meta property=\"article:modified_time\" content=\"2021-02-08T20:35:20+00:00\" \/>\n<meta property=\"og:image\" content=\"https:\/\/www.kathrynsanderson.com\/wp-content\/uploads\/2020\/06\/CURU_DSC_0539.jpg\" \/>\n\t<meta property=\"og:image:width\" content=\"1200\" \/>\n\t<meta property=\"og:image:height\" content=\"1800\" \/>\n<meta name=\"twitter:card\" content=\"summary_large_image\" \/>\n<meta name=\"twitter:label1\" content=\"Dur\u00e9e de lecture est.\">\n\t<meta name=\"twitter:data1\" content=\"1 minute\">\n<script type=\"application\/ld+json\" class=\"yoast-schema-graph\">{\"@context\":\"https:\/\/schema.org\",\"@graph\":[{\"@type\":\"Organization\",\"@id\":\"https:\/\/www.kathrynsanderson.com\/#organization\",\"name\":\"Atelier Kathryn Sanderson\",\"url\":\"https:\/\/www.kathrynsanderson.com\/\",\"sameAs\":[\"https:\/\/www.facebook.com\/ATELIERKATHRYNSANDERSON\",\"https:\/\/www.instagram.com\/kathrynsanderson\",\"https:\/\/fr.linkedin.com\/in\/kathryn-sanderson-077587149\",\"https:\/\/www.pinterest.fr\/ATELIERKATHRYNSANDERSON\/\"],\"logo\":{\"@type\":\"ImageObject\",\"@id\":\"https:\/\/www.kathrynsanderson.com\/#logo\",\"inLanguage\":\"fr-FR\",\"url\":\"https:\/\/www.kathrynsanderson.com\/wp-content\/uploads\/2022\/11\/AKS_LOGO_BLACK.jpg\",\"width\":672,\"height\":383,\"caption\":\"Atelier Kathryn Sanderson\"},\"image\":{\"@id\":\"https:\/\/www.kathrynsanderson.com\/#logo\"}},{\"@type\":\"WebSite\",\"@id\":\"https:\/\/www.kathrynsanderson.com\/#website\",\"url\":\"https:\/\/www.kathrynsanderson.com\/\",\"name\":\"Atelier Kathryn Sanderson\",\"description\":\"The Empire strikes back\",\"publisher\":{\"@id\":\"https:\/\/www.kathrynsanderson.com\/#organization\"},\"potentialAction\":[{\"@type\":\"SearchAction\",\"target\":\"https:\/\/www.kathrynsanderson.com\/?s={search_term_string}\",\"query-input\":\"required name=search_term_string\"}],\"inLanguage\":\"fr-FR\"},{\"@type\":\"ImageObject\",\"@id\":\"https:\/\/www.kathrynsanderson.com\/fr\/produit\/chemin-de-table-cucina-rustica\/#primaryimage\",\"inLanguage\":\"fr-FR\",\"url\":\"https:\/\/www.kathrynsanderson.com\/wp-content\/uploads\/2020\/06\/CURU_DSC_0539.jpg\",\"width\":1200,\"height\":1800},{\"@type\":\"WebPage\",\"@id\":\"https:\/\/www.kathrynsanderson.com\/fr\/produit\/chemin-de-table-cucina-rustica\/#webpage\",\"url\":\"https:\/\/www.kathrynsanderson.com\/fr\/produit\/chemin-de-table-cucina-rustica\/\",\"name\":\"Chemin de Table Cucina Rustica - Atelier Kathryn Sanderson\",\"isPartOf\":{\"@id\":\"https:\/\/www.kathrynsanderson.com\/#website\"},\"primaryImageOfPage\":{\"@id\":\"https:\/\/www.kathrynsanderson.com\/fr\/produit\/chemin-de-table-cucina-rustica\/#primaryimage\"},\"datePublished\":\"2019-11-15T23:46:11+00:00\",\"dateModified\":\"2021-02-08T20:35:20+00:00\",\"breadcrumb\":{\"@id\":\"https:\/\/www.kathrynsanderson.com\/fr\/produit\/chemin-de-table-cucina-rustica\/#breadcrumb\"},\"inLanguage\":\"fr-FR\",\"potentialAction\":[{\"@type\":\"ReadAction\",\"target\":[\"https:\/\/www.kathrynsanderson.com\/fr\/produit\/chemin-de-table-cucina-rustica\/\"]}]},{\"@type\":\"BreadcrumbList\",\"@id\":\"https:\/\/www.kathrynsanderson.com\/fr\/produit\/chemin-de-table-cucina-rustica\/#breadcrumb\",\"itemListElement\":[{\"@type\":\"ListItem\",\"position\":1,\"item\":{\"@type\":\"WebPage\",\"@id\":\"https:\/\/www.kathrynsanderson.com\/fr\/atelier-kathryn-sanderson\/\",\"url\":\"https:\/\/www.kathrynsanderson.com\/fr\/atelier-kathryn-sanderson\/\",\"name\":\"Home\"}},{\"@type\":\"ListItem\",\"position\":2,\"item\":{\"@type\":\"WebPage\",\"@id\":\"https:\/\/www.kathrynsanderson.com\/fr\/boutique\/\",\"url\":\"https:\/\/www.kathrynsanderson.com\/fr\/boutique\/\",\"name\":\"Boutique\"}},{\"@type\":\"ListItem\",\"position\":3,\"item\":{\"@type\":\"WebPage\",\"@id\":\"https:\/\/www.kathrynsanderson.com\/fr\/produit\/chemin-de-table-cucina-rustica\/\",\"url\":\"https:\/\/www.kathrynsanderson.com\/fr\/produit\/chemin-de-table-cucina-rustica\/\",\"name\":\"Chemin de Table Cucina Rustica\"}}]}]}<\/script>\n<!-- \/ Yoast SEO plugin. -->","_links":{"self":[{"href":"https:\/\/www.kathrynsanderson.com\/fr\/wp-json\/wp\/v2\/product\/1339"}],"collection":[{"href":"https:\/\/www.kathrynsanderson.com\/fr\/wp-json\/wp\/v2\/product"}],"about":[{"href":"https:\/\/www.kathrynsanderson.com\/fr\/wp-json\/wp\/v2\/types\/product"}],"wp:featuredmedia":[{"embeddable":true,"href":"https:\/\/www.kathrynsanderson.com\/fr\/wp-json\/wp\/v2\/media\/3817"}],"wp:attachment":[{"href":"https:\/\/www.kathrynsanderson.com\/fr\/wp-json\/wp\/v2\/media?parent=1339"}],"curies":[{"name":"wp","href":"https:\/\/api.w.org\/{rel}","templated":true}]}}