{"id":1433,"date":"2020-03-20T23:18:54","date_gmt":"2020-03-20T22:18:54","guid":{"rendered":"https:\/\/www.kathrynsanderson.com\/informations\/"},"modified":"2020-06-18T09:45:11","modified_gmt":"2020-06-18T07:45:11","slug":"informations","status":"publish","type":"page","link":"https:\/\/www.kathrynsanderson.com\/fr\/informations\/","title":{"rendered":"Informations"},"content":{"rendered":"<p>[vc_row css=&#8221;.vc_custom_1592463684243{padding-bottom: 30px !important;}&#8221;][vc_column width=&#8221;1\/4&#8243;][vc_column_text el_id=&#8221;tc-shipping&#8221;]<\/p>\n<h4>Expedition<\/h4>\n<p>[\/vc_column_text][\/vc_column][vc_column width=&#8221;3\/4&#8243;][vc_column_text]<br \/>\nNous proposons une exp\u00e9dition forfaitaire sur l&#8217;ensemble du site, pour tous les d\u00e9partements. Les frais sont automatiquement calcul\u00e9s dans le panier une fois que vous avez ajout\u00e9 un article et s\u00e9lectionn\u00e9 votre destination dans le menu d\u00e9roulant.<\/p>\n<p>Les frais d&#8217;exp\u00e9dition:<\/p>\n<ul>\n<li class=\"p7\" style=\"text-align: left;\"><span class=\"s2\">France \u20ac6,35 (offerts \u00e0 partir de \u20ac80)<\/span><\/li>\n<li>Europe \u20ac12,55 (<span class=\"s2\">offerts \u00e0 partir de <\/span><span class=\"s2\">\u20ac150<\/span>)<\/li>\n<li><span class=\"s2\">Europe non U.E. \u20ac17,00 <\/span>(<span class=\"s2\">offerts \u00e0 partir de <\/span><span class=\"s2\">\u20ac200<\/span>)<\/li>\n<li>Monde \u20ac24,85 (<span class=\"s2\">offerts \u00e0 partir de <\/span><span class=\"s2\">\u20ac250<\/span>)<\/li>\n<\/ul>\n<p>[\/vc_column_text][\/vc_column][\/vc_row][vc_row css=&#8221;.vc_custom_1575582463429{padding-bottom: 30px !important;}&#8221;][vc_column width=&#8221;1\/4&#8243;][vc_column_text el_id=&#8221;tc-delivery&#8221;]<\/p>\n<h4>Livraison<\/h4>\n<p>[\/vc_column_text][\/vc_column][vc_column width=&#8221;3\/4&#8243;][vc_column_text]<br \/>\nNos colis sont exp\u00e9di\u00e9s par La Poste (Colissimo). Toutes les commandes sont assur\u00e9es et n\u00e9cessitent une signature \u00e0 r\u00e9ception. Toutes les commandes sont exp\u00e9di\u00e9es depuis notre atelier dans le Nord de la France. PayPal ou Stripe enverra un e-mail confirmant que nous avons bien re\u00e7u votre commande. Une fois la commande exp\u00e9di\u00e9e, vous recevrez un autre e-mail comprenant la date d&#8217;exp\u00e9dition, un num\u00e9ro de suivi et le service utilis\u00e9. Veuillez vous assurer que votre adresse de livraison est \u00e0 jour et correcte. Veuillez nous envoyer un e-mail imm\u00e9diatement si vous devez modifier une adresse, confirmer une adresse ou si des instructions de livraison suppl\u00e9mentaires sont n\u00e9cessaires. Kathryn Sanderson se r\u00e9serve le droit de facturer tous les frais d&#8217;exp\u00e9dition exc\u00e9dentaires r\u00e9sultant d&#8217;une adresse de livraison incorrecte.<\/p>\n<p>Vous pouvez avoir une id\u00e9e de la date d&#8217;arriv\u00e9e de votre colis en utilisant <a href=\"https:\/\/www.laposte.fr\/particulier\/outils\/calculateur-de-delais\">le calculateur de d\u00e9lais \u00e0 Colissimo<\/a>. Ce sont quelques endroits : Australie 8 jours ; Allemagne 4 jours ; Belgique 3 jours ; Afrique du Sud 6-8 jours ; Japon 8 jours ; USA 5 jours ; Espagne 5 jours ; \u00c9mirats arabes unis 5-7 jours ; Chine 14 jours ; Canada 6-10 jours ; Inde 4-8 jours.<br \/>\n[\/vc_column_text][\/vc_column][\/vc_row][vc_row css=&#8221;.vc_custom_1575582468319{padding-bottom: 30px !important;}&#8221;][vc_column width=&#8221;1\/4&#8243;][vc_column_text el_id=&#8221;tc-lead-times&#8221;]<\/p>\n<h4>D\u00e9lai de Production<\/h4>\n<p>[\/vc_column_text][\/vc_column][vc_column width=&#8221;3\/4&#8243;][vc_column_text]Articles fabriqu\u00e9s sur commande<\/p>\n<p>Certains articles de notre magasin sont fabriqu\u00e9s sur commande. Plus particuli\u00e8rement, nos nappes CROP Linen et nos chemins de table Cucina Rustica. Ces produits sont clairement d\u00e9crits comme tels dans leur page produit. Selon la taille de la commande, dans des circonstances normales, nous exp\u00e9dions les commandes dans un d\u00e9lai de 3 \u00e0 14 jours ouvrables. Si nos d\u00e9lais sont plus longs que pr\u00e9vu en raison d&#8217;une forte demande ou de retards impr\u00e9visibles, nous vous en informerons par e-mail. Si vous souhaitez une estimation plus pr\u00e9cise ou si vous souhaitez que vos articles soient exp\u00e9di\u00e9s plus t\u00f4t, veuillez nous contacter d\u00e8s que possible apr\u00e8s avoir pass\u00e9 votre commande.<\/p>\n<p>Articles en stock<\/p>\n<p>Les autres articles de notre magasin sont en stock, sauf indication contraire en rupture de stock. Si l&#8217;article est en stock, il est exp\u00e9di\u00e9 en 1-2 jours selon la demande. En cas de rupture de stock, merci de nous envoyer un message via le bouton Messenger en bas \u00e0 droite de la page et nous pourrons vous informer imm\u00e9diatement quand il sera de retour en stock.[\/vc_column_text][\/vc_column][\/vc_row][vc_row css=&#8221;.vc_custom_1575582472679{padding-bottom: 30px !important;}&#8221;][vc_column width=&#8221;1\/4&#8243;][vc_column_text el_id=&#8221;tc-ordering&#8221;]<\/p>\n<h4>Commandes<\/h4>\n<p>[\/vc_column_text][\/vc_column][vc_column width=&#8221;3\/4&#8243;][vc_column_text]Tous nos tissus sont 100% lin. Les flamm\u00e9s et les variations de fils sont des caract\u00e9ristiques naturelles inh\u00e9rentes \u00e0 nos tissus. Les images des produits de ce magasin montrent un exemple du produit et non l&#8217;examplaire que vous recevrez. Nous mettons tout en \u0153uvre pour que les couleurs soient affich\u00e9es le plus fid\u00e8lement possible. Cependant, les couleurs appara\u00eetront diff\u00e9remment d&#8217;un appareil \u00e0 l&#8217;autre et nous ne pouvons pas garantir la pr\u00e9cision d&#8217;affichage des couleurs de votre appareil personnel. Si, pour une raison quelconque, vous ne parvenez pas \u00e0 passer votre commande via notre boutique en ligne, veuillez nous envoyer un e-mail avec votre commande et votre adresse de livraison et nous vous enverrons une <strong>facture PayPal<\/strong> que vous pourrez payer en ligne en toute s\u00e9curit\u00e9.[\/vc_column_text][\/vc_column][\/vc_row][vc_row css=&#8221;.vc_custom_1575582477054{padding-bottom: 30px !important;}&#8221;][vc_column width=&#8221;1\/4&#8243;][vc_column_text el_id=&#8221;tc-belgian-linen&#8221;]<\/p>\n<h4>Lin Belge<\/h4>\n<p>[\/vc_column_text][\/vc_column][vc_column width=&#8221;3\/4&#8243;][vc_column_text]Tout notre linge belge est certifi\u00e9 et \u00e0 ce titre, nos tissus et produits en lin belge fabriqu\u00e9s \u00e0 partir de lin belge sont d\u00e9livr\u00e9s avec un Certificat d&#8217;Origine de Belgian Linen\u2122[\/vc_column_text][\/vc_column][\/vc_row][vc_row css=&#8221;.vc_custom_1575582486611{padding-bottom: 30px !important;}&#8221;][vc_column width=&#8221;1\/4&#8243;][vc_column_text el_id=&#8221;tc-payment&#8221;]<\/p>\n<h4>Paiement<\/h4>\n<p>[\/vc_column_text][\/vc_column][vc_column width=&#8221;3\/4&#8243;][vc_column_text]<br \/>\nNous acceptons les paiements via Paypal et Stripe. Nous ne collectons pas les d\u00e9tails de votre carte bancaire, votre paiement est trait\u00e9 en toute s\u00e9curit\u00e9 par la m\u00e9thode de paiement pr\u00e9f\u00e9r\u00e9e. Pour les clients fran\u00e7ais, nous acceptons \u00e9galement les paiements par virement ou par ch\u00e8que. Veuillez nous envoyer un e-mail \u00e0 hello@kathrynsanderson.com et nous vous contacterons directement concernant votre commande.<\/p>\n<p>Nous utilisons le paiement Paypal Express qui cache automatiquement votre adresse de facturation \u00e0 nous et au service postal. Cela peut \u00eatre d&#8217;un int\u00e9r\u00eat particulier pour nos clients qui souhaitent maintenir leur confidentialit\u00e9 dans toute la mesure du possible.<br \/>\n[\/vc_column_text][\/vc_column][\/vc_row][vc_row css=&#8221;.vc_custom_1575582493381{padding-bottom: 30px !important;}&#8221;][vc_column width=&#8221;1\/4&#8243;][vc_column_text el_id=&#8221;tc-refunds-exchanges&#8221;]<\/p>\n<h4>Remboursements et \u00c9changes<\/h4>\n<p>[\/vc_column_text][\/vc_column][vc_column width=&#8221;3\/4&#8243;][vc_column_text]Dans le cas o\u00f9 vous n&#8217;\u00eates pas satisfait de votre achat, nous pouvons rembourser ou \u00e9changer l&#8217;article. Nous devons \u00eatre inform\u00e9s de votre intention de retourner les articles dans les 14 jours suivant la r\u00e9ception de la marchandise. Les articles doivent nous \u00eatre retourn\u00e9s non port\u00e9s, non utilis\u00e9s et dans leur emballage d&#8217;origine. Veuillez noter que nous remboursons uniquement le co\u00fbt des articles et non les frais d&#8217;exp\u00e9dition. Nous ne rembourserons ni n&#8217;\u00e9changerons les articles tant qu&#8217;ils ne nous auront pas \u00e9t\u00e9 retourn\u00e9s. Lorsque des articles nous sont retourn\u00e9s, vous \u00eates responsable des frais d&#8217;exp\u00e9dition. En cas d&#8217;\u00e9change, vous \u00eates responsable des frais de livraison suppl\u00e9mentaires lors de l&#8217;envoi des articles de remplacement. Lorsqu&#8217;un article nous est renvoy\u00e9, nous ne sommes pas responsables des articles perdus en transit. Nous vous recommandons d&#8217;assurer les marchandises pour leur valeur r\u00e9elle. Si vous avez re\u00e7u votre commande et qu&#8217;elle a \u00e9t\u00e9 endommag\u00e9e pendant le transit postal, veuillez nous contacter afin que nous puissions d\u00e9poser une r\u00e9clamation aupr\u00e8s du transporteur concern\u00e9. Il en va de m\u00eame pour les colis manquants ou perdus. Pour toute r\u00e9clamation concernant des dommages en transit, l&#8217;article et la bo\u00eete d&#8217;exp\u00e9dition doivent \u00eatre photographi\u00e9s afin de d\u00e9poser la r\u00e9clamation.[\/vc_column_text][\/vc_column][\/vc_row][vc_row css=&#8221;.vc_custom_1575582497386{padding-bottom: 30px !important;}&#8221;][vc_column width=&#8221;1\/4&#8243;][vc_column_text el_id=&#8221;tc-general-terms&#8221;]<\/p>\n<h4>Conditions G\u00e9n\u00e9rales<\/h4>\n<p>[\/vc_column_text][\/vc_column][vc_column width=&#8221;3\/4&#8243;][vc_column_text]Tous les prix sont en Euros. La TVA n&#8217;est pas applicable sur toutes les commandes. Cela inclut les colis destin\u00e9s \u00e0 l&#8217;UE ou au reste du monde. (TVA non applicable, art. 293 B du CGI) Des frais de douane et \/ ou des droits peuvent \u00eatre exigibles \u00e0 l&#8217;entr\u00e9e dans votre pays. Ces frais et \/ ou droits sont \u00e0 votre charge. Tout le contenu de ce site est Copyright \u00a9 2019 Kathryn Sanderson. Tous les droits sont r\u00e9serv\u00e9s.[\/vc_column_text][\/vc_column][\/vc_row][vc_row css=&#8221;.vc_custom_1575582500910{padding-bottom: 30px !important;}&#8221;][vc_column width=&#8221;1\/4&#8243;][vc_column_text el_id=&#8221;tc-privacy&#8221;]<\/p>\n<h4>Confidentialit\u00e9<\/h4>\n<p>[\/vc_column_text][\/vc_column][vc_column width=&#8221;3\/4&#8243;][vc_column_text]Nous respectons votre vie priv\u00e9e et ne vendrons ni ne distribuerons vos informations personnelles. Veuillez consulter notre politique de confidentialit\u00e9. CNIL Numero de D\u00e9claration: 2136010 v 0[\/vc_column_text][\/vc_column][\/vc_row][vc_row css=&#8221;.vc_custom_1575582504300{padding-bottom: 30px !important;}&#8221;][vc_column width=&#8221;1\/4&#8243;][vc_column_text]<\/p>\n<h4>Visite de l&#8217;Atelier et Heures d&#8217;Ouverture<\/h4>\n<p>[\/vc_column_text][\/vc_column][vc_column width=&#8221;3\/4&#8243;][vc_column_text]Compte tenu de notre situation g\u00e9ographique et du fait que notre travail nous emp\u00eache souvent de casser ou de d\u00e9poser nos outils, nous demandons aux visiteurs de prendre rendez-vous afin de vous garantir toute notre attention. Nous sommes ouverts de 10 h \u00e0 19 h du lundi au vendredi, et nous sommes heureux de planifier des visites de studio le soir et le week-end \u00e9galement.[\/vc_column_text][\/vc_column][\/vc_row][vc_row css=&#8221;.vc_custom_1575582512777{padding-bottom: 30px !important;}&#8221;][vc_column width=&#8221;1\/4&#8243;][vc_column_text el_id=&#8221;tc-not-branded&#8221;]<\/p>\n<h4>Pourquoi les articles CROP Linen n&#8217;ont-ils pas des \u00e9tiquettes?<\/h4>\n<p>[\/vc_column_text][\/vc_column][vc_column width=&#8221;3\/4&#8243;][vc_column_text]Les articles en lin CROP sont fabriqu\u00e9s \u00e0 un niveau tr\u00e8s \u00e9lev\u00e9, en utilisant des mat\u00e9riaux d&#8217;une qualit\u00e9 extraordinaire. Ils incarnent ces qualit\u00e9s intrins\u00e8ques et \u00e9videntes et en tant que tels, ils peuvent se tenir sur leur propre m\u00e9rite. Nous esp\u00e9rons que si quelqu&#8217;un vous pose des questions sur vos articles CROP Linen, vous partagez votre exp\u00e9rience avec eux et nous esp\u00e9rons que nous leur recommanderons CROP Linen.[\/vc_column_text][\/vc_column][\/vc_row][vc_row css=&#8221;.vc_custom_1575582516657{padding-bottom: 30px !important;}&#8221;][vc_column width=&#8221;1\/4&#8243;][vc_column_text el_id=&#8221;tc-blog-posts&#8221;]<\/p>\n<h4>Vos articles de blog sont-ils sponsoris\u00e9s?<\/h4>\n<p>[\/vc_column_text][\/vc_column][vc_column width=&#8221;3\/4&#8243;][vc_column_text]Aucun de mes articles de blog n&#8217;est parrain\u00e9 par des tiers, en argent ou en nature. Lorsque je mentionne d&#8217;autres fabricants, producteurs ou producteurs de denr\u00e9es alimentaires dans mes articles de blog, je le fais pour soutenir ces personnes et leurs entreprises. Cette d\u00e9monstration de soutien communautaire est importante pour moi.[\/vc_column_text][\/vc_column][\/vc_row]<\/p>\n","protected":false},"excerpt":{"rendered":"<p>[vc_row css=&#8221;.vc_custom_1592463684243{padding-bottom: 30px !important;}&#8221;][vc_column width=&#8221;1\/4&#8243;][vc_column_text el_id=&#8221;tc-shipping&#8221;] Expedition [\/vc_column_text][\/vc_column][vc_column width=&#8221;3\/4&#8243;][vc_column_text] Nous proposons une exp\u00e9dition forfaitaire sur l&#8217;ensemble du site, pour tous les d\u00e9partements. Les frais sont automatiquement calcul\u00e9s dans le panier une fois que vous avez ajout\u00e9 un article et s\u00e9lectionn\u00e9 votre destination dans le menu d\u00e9roulant. Les frais d&#8217;exp\u00e9dition: France \u20ac6,35 (offerts \u00e0 partir de [&hellip;]<\/p>\n","protected":false},"author":1,"featured_media":0,"parent":0,"menu_order":0,"comment_status":"closed","ping_status":"closed","template":"page-full-width.php","meta":[],"yoast_head":"<!-- This site is optimized with the Yoast SEO plugin v15.9 - https:\/\/yoast.com\/wordpress\/plugins\/seo\/ -->\n<title>Informations - Atelier Kathryn Sanderson<\/title>\n<meta name=\"robots\" content=\"index, follow, max-snippet:-1, max-image-preview:large, max-video-preview:-1\" \/>\n<link rel=\"canonical\" href=\"https:\/\/www.kathrynsanderson.com\/fr\/informations\/\" \/>\n<meta property=\"og:locale\" content=\"fr_FR\" \/>\n<meta property=\"og:type\" content=\"article\" \/>\n<meta property=\"og:title\" content=\"Informations - Atelier Kathryn Sanderson\" \/>\n<meta property=\"og:description\" content=\"[vc_row css=&#8221;.vc_custom_1592463684243{padding-bottom: 30px !important;}&#8221;][vc_column width=&#8221;1\/4&#8243;][vc_column_text el_id=&#8221;tc-shipping&#8221;] Expedition [\/vc_column_text][\/vc_column][vc_column width=&#8221;3\/4&#8243;][vc_column_text] Nous proposons une exp\u00e9dition forfaitaire sur l&#8217;ensemble du site, pour tous les d\u00e9partements. Les frais sont automatiquement calcul\u00e9s dans le panier une fois que vous avez ajout\u00e9 un article et s\u00e9lectionn\u00e9 votre destination dans le menu d\u00e9roulant. Les frais d&#8217;exp\u00e9dition: France \u20ac6,35 (offerts \u00e0 partir de [&hellip;]\" \/>\n<meta property=\"og:url\" content=\"https:\/\/www.kathrynsanderson.com\/fr\/informations\/\" \/>\n<meta property=\"og:site_name\" content=\"Atelier Kathryn Sanderson\" \/>\n<meta property=\"article:publisher\" content=\"https:\/\/www.facebook.com\/ATELIERKATHRYNSANDERSON\" \/>\n<meta property=\"article:modified_time\" content=\"2020-06-18T07:45:11+00:00\" \/>\n<meta name=\"twitter:card\" content=\"summary_large_image\" \/>\n<meta name=\"twitter:label1\" content=\"Dur\u00e9e de lecture est.\">\n\t<meta name=\"twitter:data1\" content=\"9 minutes\">\n<script type=\"application\/ld+json\" class=\"yoast-schema-graph\">{\"@context\":\"https:\/\/schema.org\",\"@graph\":[{\"@type\":\"Organization\",\"@id\":\"https:\/\/www.kathrynsanderson.com\/#organization\",\"name\":\"Atelier Kathryn Sanderson\",\"url\":\"https:\/\/www.kathrynsanderson.com\/\",\"sameAs\":[\"https:\/\/www.facebook.com\/ATELIERKATHRYNSANDERSON\",\"https:\/\/www.instagram.com\/kathrynsanderson\",\"https:\/\/fr.linkedin.com\/in\/kathryn-sanderson-077587149\",\"https:\/\/www.pinterest.fr\/ATELIERKATHRYNSANDERSON\/\"],\"logo\":{\"@type\":\"ImageObject\",\"@id\":\"https:\/\/www.kathrynsanderson.com\/#logo\",\"inLanguage\":\"fr-FR\",\"url\":\"https:\/\/www.kathrynsanderson.com\/wp-content\/uploads\/2022\/11\/AKS_LOGO_BLACK.jpg\",\"width\":672,\"height\":383,\"caption\":\"Atelier Kathryn Sanderson\"},\"image\":{\"@id\":\"https:\/\/www.kathrynsanderson.com\/#logo\"}},{\"@type\":\"WebSite\",\"@id\":\"https:\/\/www.kathrynsanderson.com\/#website\",\"url\":\"https:\/\/www.kathrynsanderson.com\/\",\"name\":\"Atelier Kathryn Sanderson\",\"description\":\"The Empire strikes back\",\"publisher\":{\"@id\":\"https:\/\/www.kathrynsanderson.com\/#organization\"},\"potentialAction\":[{\"@type\":\"SearchAction\",\"target\":\"https:\/\/www.kathrynsanderson.com\/?s={search_term_string}\",\"query-input\":\"required name=search_term_string\"}],\"inLanguage\":\"fr-FR\"},{\"@type\":\"WebPage\",\"@id\":\"https:\/\/www.kathrynsanderson.com\/fr\/informations\/#webpage\",\"url\":\"https:\/\/www.kathrynsanderson.com\/fr\/informations\/\",\"name\":\"Informations - Atelier Kathryn Sanderson\",\"isPartOf\":{\"@id\":\"https:\/\/www.kathrynsanderson.com\/#website\"},\"datePublished\":\"2020-03-20T22:18:54+00:00\",\"dateModified\":\"2020-06-18T07:45:11+00:00\",\"breadcrumb\":{\"@id\":\"https:\/\/www.kathrynsanderson.com\/fr\/informations\/#breadcrumb\"},\"inLanguage\":\"fr-FR\",\"potentialAction\":[{\"@type\":\"ReadAction\",\"target\":[\"https:\/\/www.kathrynsanderson.com\/fr\/informations\/\"]}]},{\"@type\":\"BreadcrumbList\",\"@id\":\"https:\/\/www.kathrynsanderson.com\/fr\/informations\/#breadcrumb\",\"itemListElement\":[{\"@type\":\"ListItem\",\"position\":1,\"item\":{\"@type\":\"WebPage\",\"@id\":\"https:\/\/www.kathrynsanderson.com\/fr\/atelier-kathryn-sanderson\/\",\"url\":\"https:\/\/www.kathrynsanderson.com\/fr\/atelier-kathryn-sanderson\/\",\"name\":\"Home\"}},{\"@type\":\"ListItem\",\"position\":2,\"item\":{\"@type\":\"WebPage\",\"@id\":\"https:\/\/www.kathrynsanderson.com\/fr\/informations\/\",\"url\":\"https:\/\/www.kathrynsanderson.com\/fr\/informations\/\",\"name\":\"Informations\"}}]}]}<\/script>\n<!-- \/ Yoast SEO plugin. -->","_links":{"self":[{"href":"https:\/\/www.kathrynsanderson.com\/fr\/wp-json\/wp\/v2\/pages\/1433"}],"collection":[{"href":"https:\/\/www.kathrynsanderson.com\/fr\/wp-json\/wp\/v2\/pages"}],"about":[{"href":"https:\/\/www.kathrynsanderson.com\/fr\/wp-json\/wp\/v2\/types\/page"}],"author":[{"embeddable":true,"href":"https:\/\/www.kathrynsanderson.com\/fr\/wp-json\/wp\/v2\/users\/1"}],"replies":[{"embeddable":true,"href":"https:\/\/www.kathrynsanderson.com\/fr\/wp-json\/wp\/v2\/comments?post=1433"}],"version-history":[{"count":8,"href":"https:\/\/www.kathrynsanderson.com\/fr\/wp-json\/wp\/v2\/pages\/1433\/revisions"}],"predecessor-version":[{"id":3754,"href":"https:\/\/www.kathrynsanderson.com\/fr\/wp-json\/wp\/v2\/pages\/1433\/revisions\/3754"}],"wp:attachment":[{"href":"https:\/\/www.kathrynsanderson.com\/fr\/wp-json\/wp\/v2\/media?parent=1433"}],"curies":[{"name":"wp","href":"https:\/\/api.w.org\/{rel}","templated":true}]}}