{"id":1390,"date":"2020-03-19T23:47:15","date_gmt":"2020-03-19T22:47:15","guid":{"rendered":"https:\/\/www.kathrynsanderson.com\/nous-contacter\/"},"modified":"2020-06-18T09:41:10","modified_gmt":"2020-06-18T07:41:10","slug":"nous-contacter","status":"publish","type":"page","link":"https:\/\/www.kathrynsanderson.com\/fr\/nous-contacter\/","title":{"rendered":"Nous Contacter"},"content":{"rendered":"<p>[vc_row css=&#8221;.vc_custom_1592465968788{margin-top: 1em !important;margin-bottom: 4em !important;}&#8221;][vc_column][vc_column_text]<\/p>\n<h1 style=\"text-align: center;\">Salut!<\/h1>\n<p>[\/vc_column_text][vc_column_text]<\/p>\n<p style=\"text-align: center;\">Si vous avez des questions ou si vous souhaitez simplement dire bonjour, vous pouvez:<\/p>\n<p style=\"text-align: center;\">\u00c9crivez-nous directement: <a href=\"mailto:hello@kathrynsanderson.com\">hello@kathrynsanderson.com<\/a><\/p>\n<p style=\"text-align: center;\">Cliquez sur le bouton Facebook Messenger dans le coin inf\u00e9rieur droit du site pour un chat<\/p>\n<p style=\"text-align: center;\">Appelez-nous par t\u00e9l\u00e9phone: +33.3.21.26.81.69<\/p>\n<p style=\"text-align: center;\">Nous sommes ouverts du lundi au vendredi de 10h00 \u00e0 19h00 (heure de Paris, GMT + 1).<\/p>\n<p>[\/vc_column_text][\/vc_column][\/vc_row]<\/p>\n","protected":false},"excerpt":{"rendered":"<p>[vc_row css=&#8221;.vc_custom_1592465968788{margin-top: 1em !important;margin-bottom: 4em !important;}&#8221;][vc_column][vc_column_text] Salut! [\/vc_column_text][vc_column_text] Si vous avez des questions ou si vous souhaitez simplement dire bonjour, vous pouvez: \u00c9crivez-nous directement: hello@kathrynsanderson.com Cliquez sur le bouton Facebook Messenger dans le coin inf\u00e9rieur droit du site pour un chat Appelez-nous par t\u00e9l\u00e9phone: +33.3.21.26.81.69 Nous sommes ouverts du lundi au vendredi de 10h00 \u00e0 [&hellip;]<\/p>\n","protected":false},"author":1,"featured_media":0,"parent":0,"menu_order":0,"comment_status":"closed","ping_status":"closed","template":"page-full-width.php","meta":[],"yoast_head":"<!-- This site is optimized with the Yoast SEO plugin v15.9 - https:\/\/yoast.com\/wordpress\/plugins\/seo\/ -->\n<title>Nous Contacter - Atelier Kathryn Sanderson<\/title>\n<meta name=\"robots\" content=\"index, follow, max-snippet:-1, max-image-preview:large, max-video-preview:-1\" \/>\n<link rel=\"canonical\" href=\"https:\/\/www.kathrynsanderson.com\/fr\/nous-contacter\/\" \/>\n<meta property=\"og:locale\" content=\"fr_FR\" \/>\n<meta property=\"og:type\" content=\"article\" \/>\n<meta property=\"og:title\" content=\"Nous Contacter - Atelier Kathryn Sanderson\" \/>\n<meta property=\"og:description\" content=\"[vc_row css=&#8221;.vc_custom_1592465968788{margin-top: 1em !important;margin-bottom: 4em !important;}&#8221;][vc_column][vc_column_text] Salut! [\/vc_column_text][vc_column_text] Si vous avez des questions ou si vous souhaitez simplement dire bonjour, vous pouvez: \u00c9crivez-nous directement: hello@kathrynsanderson.com Cliquez sur le bouton Facebook Messenger dans le coin inf\u00e9rieur droit du site pour un chat Appelez-nous par t\u00e9l\u00e9phone: +33.3.21.26.81.69 Nous sommes ouverts du lundi au vendredi de 10h00 \u00e0 [&hellip;]\" \/>\n<meta property=\"og:url\" content=\"https:\/\/www.kathrynsanderson.com\/fr\/nous-contacter\/\" \/>\n<meta property=\"og:site_name\" content=\"Atelier Kathryn Sanderson\" \/>\n<meta property=\"article:publisher\" content=\"https:\/\/www.facebook.com\/ATELIERKATHRYNSANDERSON\" \/>\n<meta property=\"article:modified_time\" content=\"2020-06-18T07:41:10+00:00\" \/>\n<meta name=\"twitter:card\" content=\"summary_large_image\" \/>\n<script type=\"application\/ld+json\" class=\"yoast-schema-graph\">{\"@context\":\"https:\/\/schema.org\",\"@graph\":[{\"@type\":\"Organization\",\"@id\":\"https:\/\/www.kathrynsanderson.com\/#organization\",\"name\":\"Atelier Kathryn Sanderson\",\"url\":\"https:\/\/www.kathrynsanderson.com\/\",\"sameAs\":[\"https:\/\/www.facebook.com\/ATELIERKATHRYNSANDERSON\",\"https:\/\/www.instagram.com\/kathrynsanderson\",\"https:\/\/fr.linkedin.com\/in\/kathryn-sanderson-077587149\",\"https:\/\/www.pinterest.fr\/ATELIERKATHRYNSANDERSON\/\"],\"logo\":{\"@type\":\"ImageObject\",\"@id\":\"https:\/\/www.kathrynsanderson.com\/#logo\",\"inLanguage\":\"fr-FR\",\"url\":\"https:\/\/www.kathrynsanderson.com\/wp-content\/uploads\/2022\/11\/AKS_LOGO_BLACK.jpg\",\"width\":672,\"height\":383,\"caption\":\"Atelier Kathryn Sanderson\"},\"image\":{\"@id\":\"https:\/\/www.kathrynsanderson.com\/#logo\"}},{\"@type\":\"WebSite\",\"@id\":\"https:\/\/www.kathrynsanderson.com\/#website\",\"url\":\"https:\/\/www.kathrynsanderson.com\/\",\"name\":\"Atelier Kathryn Sanderson\",\"description\":\"The Empire strikes back\",\"publisher\":{\"@id\":\"https:\/\/www.kathrynsanderson.com\/#organization\"},\"potentialAction\":[{\"@type\":\"SearchAction\",\"target\":\"https:\/\/www.kathrynsanderson.com\/?s={search_term_string}\",\"query-input\":\"required name=search_term_string\"}],\"inLanguage\":\"fr-FR\"},{\"@type\":\"WebPage\",\"@id\":\"https:\/\/www.kathrynsanderson.com\/fr\/nous-contacter\/#webpage\",\"url\":\"https:\/\/www.kathrynsanderson.com\/fr\/nous-contacter\/\",\"name\":\"Nous Contacter - Atelier Kathryn Sanderson\",\"isPartOf\":{\"@id\":\"https:\/\/www.kathrynsanderson.com\/#website\"},\"datePublished\":\"2020-03-19T22:47:15+00:00\",\"dateModified\":\"2020-06-18T07:41:10+00:00\",\"breadcrumb\":{\"@id\":\"https:\/\/www.kathrynsanderson.com\/fr\/nous-contacter\/#breadcrumb\"},\"inLanguage\":\"fr-FR\",\"potentialAction\":[{\"@type\":\"ReadAction\",\"target\":[\"https:\/\/www.kathrynsanderson.com\/fr\/nous-contacter\/\"]}]},{\"@type\":\"BreadcrumbList\",\"@id\":\"https:\/\/www.kathrynsanderson.com\/fr\/nous-contacter\/#breadcrumb\",\"itemListElement\":[{\"@type\":\"ListItem\",\"position\":1,\"item\":{\"@type\":\"WebPage\",\"@id\":\"https:\/\/www.kathrynsanderson.com\/fr\/atelier-kathryn-sanderson\/\",\"url\":\"https:\/\/www.kathrynsanderson.com\/fr\/atelier-kathryn-sanderson\/\",\"name\":\"Home\"}},{\"@type\":\"ListItem\",\"position\":2,\"item\":{\"@type\":\"WebPage\",\"@id\":\"https:\/\/www.kathrynsanderson.com\/fr\/nous-contacter\/\",\"url\":\"https:\/\/www.kathrynsanderson.com\/fr\/nous-contacter\/\",\"name\":\"Nous Contacter\"}}]}]}<\/script>\n<!-- \/ Yoast SEO plugin. -->","_links":{"self":[{"href":"https:\/\/www.kathrynsanderson.com\/fr\/wp-json\/wp\/v2\/pages\/1390"}],"collection":[{"href":"https:\/\/www.kathrynsanderson.com\/fr\/wp-json\/wp\/v2\/pages"}],"about":[{"href":"https:\/\/www.kathrynsanderson.com\/fr\/wp-json\/wp\/v2\/types\/page"}],"author":[{"embeddable":true,"href":"https:\/\/www.kathrynsanderson.com\/fr\/wp-json\/wp\/v2\/users\/1"}],"replies":[{"embeddable":true,"href":"https:\/\/www.kathrynsanderson.com\/fr\/wp-json\/wp\/v2\/comments?post=1390"}],"version-history":[{"count":5,"href":"https:\/\/www.kathrynsanderson.com\/fr\/wp-json\/wp\/v2\/pages\/1390\/revisions"}],"predecessor-version":[{"id":3749,"href":"https:\/\/www.kathrynsanderson.com\/fr\/wp-json\/wp\/v2\/pages\/1390\/revisions\/3749"}],"wp:attachment":[{"href":"https:\/\/www.kathrynsanderson.com\/fr\/wp-json\/wp\/v2\/media?parent=1390"}],"curies":[{"name":"wp","href":"https:\/\/api.w.org\/{rel}","templated":true}]}}