{"id":1365,"date":"2020-03-19T22:29:22","date_gmt":"2020-03-19T21:29:22","guid":{"rendered":"https:\/\/www.kathrynsanderson.com\/entretien-du-lin\/"},"modified":"2020-06-18T09:52:00","modified_gmt":"2020-06-18T07:52:00","slug":"entretien-du-lin","status":"publish","type":"page","link":"https:\/\/www.kathrynsanderson.com\/fr\/entretien-du-lin\/","title":{"rendered":"Entretien du Lin"},"content":{"rendered":"<p>[vc_row equal_height=&#8221;yes&#8221; css=&#8221;.vc_custom_1592463946954{padding-top: 2em !important;padding-bottom: 30px !important;}&#8221;][vc_column width=&#8221;1\/4&#8243;][vc_column_text el_id=&#8221;tc-linen-care&#8221;]<\/p>\n<h4>Comment prendre soin de votre lin<\/h4>\n<p>[\/vc_column_text][\/vc_column][vc_column width=&#8221;3\/4&#8243;][vc_column_text]<br \/>\nLe lin peut \u00eatre lav\u00e9 en toute confiance et en prenant soin du lin, il vivra longtemps et vieillira magnifiquement.<\/p>\n<p>C&#8217;est important de s\u00e9lectionner une lessive appropri\u00e9. De nombreux d\u00e9tergents contiennent des additifs tels que des azurants optiques qui fonctionnent tr\u00e8s bien sur les draps blancs mais peuvent d\u00e9colorer les draps color\u00e9s. Nous vous recommandons de v\u00e9rifier que votre d\u00e9tergent ne contient pas de blanchissant. En cas de doute, vous pouvez utiliser des copeaux de savon. Si vous avez de l&#8217;eau dure, nous vous recommandons d&#8217;utiliser un adoucissant. Veuillez \u00e9galement d\u00e9plier compl\u00e8tement vos articles en lin avant de les laver.<\/p>\n<ul>\n<li>Lavage \u00e0 la main \u00e0 une temp\u00e9rature maximale de 40 \u00b0 C. Essorez dans la machine \u00e0 laver si vous le souhaitez.<\/li>\n<li>Utilisez le programme pour les d\u00e9licats de votre machine \u00e0 laver \u00e0 une temp\u00e9rature maximale de 40 \u00b0 C. Les escharpes MOEBI doivent \u00eatre lav\u00e9s en machine mais seules et dans un filet \u00e0 linge.<\/li>\n<li>Ne pas nettoyer \u00e0 sec.<\/li>\n<li>N&#8217;utilisez pas d&#8217;eau de Javel.<\/li>\n<li>Ne pas tordre.<\/li>\n<li>S\u00e9cher sur le corde \u00e0 ligne. Dans les r\u00e9gions \u00e0 fort ensoleillement, nous recommandons de s\u00e9cher les articles en lin dont l&#8217;envers est directement expos\u00e9 au soleil.<\/li>\n<li>Normalement, nous vous recommandons de ne pas s\u00e9cher les articles en lin au s\u00e8che-linge, mais avec soin, ils peuvent \u00eatre partiellement s\u00e9ch\u00e9s au s\u00e8che-linge \u00e0 puissance moyen. C&#8217;est important que vos articles en lin ne soient pas trop s\u00e9ch\u00e9s. Dans le m\u00eame temps, vous d\u00e9couvrirez que lorsque le linge est humide, il est plus facile de repasser les froissements et les plis.<\/li>\n<li>Repasser sur l&#8217;envers avec un fer moyen \u00e0 vapeur, un atomiseur rempli d&#8217;eau d\u00e9ionis\u00e9e ou presser \u00e0 l&#8217;\u00e9tat humide. Si vous avez besoin de repasser le devant du tissu pour une raison quelconque, utilisez un morceau de coton l\u00e9ger entre le fer et l&#8217;article. Cela emp\u00eachera les taches brillantes qui peuvent parfois \u00eatre cr\u00e9\u00e9es en raison de la pression et de la chaleur.<\/li>\n<\/ul>\n<p>Veuillez noter que certains v\u00eatements peuvent endommager nos produits. Les jeans en sont un bon exemple.Avec la friction, la teinture des jeans peut \u00eatre transf\u00e9r\u00e9e \u00e0 nos articles. Ces dommages seront permanents et la tache ne peut pas \u00eatre enlev\u00e9e du tissu. N&#8217;oubliez pas ceci lorsque vous portez ou utilisez nos produits en lin. N&#8217;oubliez pas qu&#8217;une fois que l&#8217;article est sous votre garde, vous \u00eates responsable de ce qui lui arrive.<br \/>\n[\/vc_column_text][\/vc_column][\/vc_row]<\/p>\n","protected":false},"excerpt":{"rendered":"<p>[vc_row equal_height=&#8221;yes&#8221; css=&#8221;.vc_custom_1592463946954{padding-top: 2em !important;padding-bottom: 30px !important;}&#8221;][vc_column width=&#8221;1\/4&#8243;][vc_column_text el_id=&#8221;tc-linen-care&#8221;] Comment prendre soin de votre lin [\/vc_column_text][\/vc_column][vc_column width=&#8221;3\/4&#8243;][vc_column_text] Le lin peut \u00eatre lav\u00e9 en toute confiance et en prenant soin du lin, il vivra longtemps et vieillira magnifiquement. C&#8217;est important de s\u00e9lectionner une lessive appropri\u00e9. De nombreux d\u00e9tergents contiennent des additifs tels que des azurants optiques [&hellip;]<\/p>\n","protected":false},"author":1,"featured_media":0,"parent":0,"menu_order":0,"comment_status":"closed","ping_status":"closed","template":"page-full-width.php","meta":[],"yoast_head":"<!-- This site is optimized with the Yoast SEO plugin v15.9 - https:\/\/yoast.com\/wordpress\/plugins\/seo\/ -->\n<title>Entretien du Lin - Atelier Kathryn Sanderson<\/title>\n<meta name=\"robots\" content=\"index, follow, max-snippet:-1, max-image-preview:large, max-video-preview:-1\" \/>\n<link rel=\"canonical\" href=\"https:\/\/www.kathrynsanderson.com\/fr\/entretien-du-lin\/\" \/>\n<meta property=\"og:locale\" content=\"fr_FR\" \/>\n<meta property=\"og:type\" content=\"article\" \/>\n<meta property=\"og:title\" content=\"Entretien du Lin - Atelier Kathryn Sanderson\" \/>\n<meta property=\"og:description\" content=\"[vc_row equal_height=&#8221;yes&#8221; css=&#8221;.vc_custom_1592463946954{padding-top: 2em !important;padding-bottom: 30px !important;}&#8221;][vc_column width=&#8221;1\/4&#8243;][vc_column_text el_id=&#8221;tc-linen-care&#8221;] Comment prendre soin de votre lin [\/vc_column_text][\/vc_column][vc_column width=&#8221;3\/4&#8243;][vc_column_text] Le lin peut \u00eatre lav\u00e9 en toute confiance et en prenant soin du lin, il vivra longtemps et vieillira magnifiquement. C&#8217;est important de s\u00e9lectionner une lessive appropri\u00e9. De nombreux d\u00e9tergents contiennent des additifs tels que des azurants optiques [&hellip;]\" \/>\n<meta property=\"og:url\" content=\"https:\/\/www.kathrynsanderson.com\/fr\/entretien-du-lin\/\" \/>\n<meta property=\"og:site_name\" content=\"Atelier Kathryn Sanderson\" \/>\n<meta property=\"article:publisher\" content=\"https:\/\/www.facebook.com\/ATELIERKATHRYNSANDERSON\" \/>\n<meta property=\"article:modified_time\" content=\"2020-06-18T07:52:00+00:00\" \/>\n<meta name=\"twitter:card\" content=\"summary_large_image\" \/>\n<meta name=\"twitter:label1\" content=\"Dur\u00e9e de lecture est.\">\n\t<meta name=\"twitter:data1\" content=\"2 minutes\">\n<script type=\"application\/ld+json\" class=\"yoast-schema-graph\">{\"@context\":\"https:\/\/schema.org\",\"@graph\":[{\"@type\":\"Organization\",\"@id\":\"https:\/\/www.kathrynsanderson.com\/#organization\",\"name\":\"Atelier Kathryn Sanderson\",\"url\":\"https:\/\/www.kathrynsanderson.com\/\",\"sameAs\":[\"https:\/\/www.facebook.com\/ATELIERKATHRYNSANDERSON\",\"https:\/\/www.instagram.com\/kathrynsanderson\",\"https:\/\/fr.linkedin.com\/in\/kathryn-sanderson-077587149\",\"https:\/\/www.pinterest.fr\/ATELIERKATHRYNSANDERSON\/\"],\"logo\":{\"@type\":\"ImageObject\",\"@id\":\"https:\/\/www.kathrynsanderson.com\/#logo\",\"inLanguage\":\"fr-FR\",\"url\":\"https:\/\/www.kathrynsanderson.com\/wp-content\/uploads\/2022\/11\/AKS_LOGO_BLACK.jpg\",\"width\":672,\"height\":383,\"caption\":\"Atelier Kathryn Sanderson\"},\"image\":{\"@id\":\"https:\/\/www.kathrynsanderson.com\/#logo\"}},{\"@type\":\"WebSite\",\"@id\":\"https:\/\/www.kathrynsanderson.com\/#website\",\"url\":\"https:\/\/www.kathrynsanderson.com\/\",\"name\":\"Atelier Kathryn Sanderson\",\"description\":\"The Empire strikes back\",\"publisher\":{\"@id\":\"https:\/\/www.kathrynsanderson.com\/#organization\"},\"potentialAction\":[{\"@type\":\"SearchAction\",\"target\":\"https:\/\/www.kathrynsanderson.com\/?s={search_term_string}\",\"query-input\":\"required name=search_term_string\"}],\"inLanguage\":\"fr-FR\"},{\"@type\":\"WebPage\",\"@id\":\"https:\/\/www.kathrynsanderson.com\/fr\/entretien-du-lin\/#webpage\",\"url\":\"https:\/\/www.kathrynsanderson.com\/fr\/entretien-du-lin\/\",\"name\":\"Entretien du Lin - Atelier Kathryn Sanderson\",\"isPartOf\":{\"@id\":\"https:\/\/www.kathrynsanderson.com\/#website\"},\"datePublished\":\"2020-03-19T21:29:22+00:00\",\"dateModified\":\"2020-06-18T07:52:00+00:00\",\"breadcrumb\":{\"@id\":\"https:\/\/www.kathrynsanderson.com\/fr\/entretien-du-lin\/#breadcrumb\"},\"inLanguage\":\"fr-FR\",\"potentialAction\":[{\"@type\":\"ReadAction\",\"target\":[\"https:\/\/www.kathrynsanderson.com\/fr\/entretien-du-lin\/\"]}]},{\"@type\":\"BreadcrumbList\",\"@id\":\"https:\/\/www.kathrynsanderson.com\/fr\/entretien-du-lin\/#breadcrumb\",\"itemListElement\":[{\"@type\":\"ListItem\",\"position\":1,\"item\":{\"@type\":\"WebPage\",\"@id\":\"https:\/\/www.kathrynsanderson.com\/fr\/atelier-kathryn-sanderson\/\",\"url\":\"https:\/\/www.kathrynsanderson.com\/fr\/atelier-kathryn-sanderson\/\",\"name\":\"Home\"}},{\"@type\":\"ListItem\",\"position\":2,\"item\":{\"@type\":\"WebPage\",\"@id\":\"https:\/\/www.kathrynsanderson.com\/fr\/entretien-du-lin\/\",\"url\":\"https:\/\/www.kathrynsanderson.com\/fr\/entretien-du-lin\/\",\"name\":\"Entretien du Lin\"}}]}]}<\/script>\n<!-- \/ Yoast SEO plugin. -->","_links":{"self":[{"href":"https:\/\/www.kathrynsanderson.com\/fr\/wp-json\/wp\/v2\/pages\/1365"}],"collection":[{"href":"https:\/\/www.kathrynsanderson.com\/fr\/wp-json\/wp\/v2\/pages"}],"about":[{"href":"https:\/\/www.kathrynsanderson.com\/fr\/wp-json\/wp\/v2\/types\/page"}],"author":[{"embeddable":true,"href":"https:\/\/www.kathrynsanderson.com\/fr\/wp-json\/wp\/v2\/users\/1"}],"replies":[{"embeddable":true,"href":"https:\/\/www.kathrynsanderson.com\/fr\/wp-json\/wp\/v2\/comments?post=1365"}],"version-history":[{"count":13,"href":"https:\/\/www.kathrynsanderson.com\/fr\/wp-json\/wp\/v2\/pages\/1365\/revisions"}],"predecessor-version":[{"id":3764,"href":"https:\/\/www.kathrynsanderson.com\/fr\/wp-json\/wp\/v2\/pages\/1365\/revisions\/3764"}],"wp:attachment":[{"href":"https:\/\/www.kathrynsanderson.com\/fr\/wp-json\/wp\/v2\/media?parent=1365"}],"curies":[{"name":"wp","href":"https:\/\/api.w.org\/{rel}","templated":true}]}}