{"id":1305,"date":"2020-03-18T15:48:07","date_gmt":"2020-03-18T14:48:07","guid":{"rendered":"https:\/\/www.kathrynsanderson.com\/cucina-rustica\/"},"modified":"2020-06-25T22:54:47","modified_gmt":"2020-06-25T20:54:47","slug":"cucinarustica","status":"publish","type":"page","link":"https:\/\/www.kathrynsanderson.com\/fr\/cucinarustica\/","title":{"rendered":"Cucina Rustica"},"content":{"rendered":"<p>[vc_row content_placement=&#8221;top&#8221;][vc_column css=&#8221;.vc_custom_1592467240656{padding-bottom: 120% !important;background-image: url(https:\/\/www.kathrynsanderson.com\/wp-content\/uploads\/2020\/02\/CURU_DSC_9282-1.jpg?id=1009) !important;background-position: center !important;background-repeat: no-repeat !important;background-size: cover !important;}&#8221;][\/vc_column][\/vc_row][vc_row][vc_column][vc_column_text css=&#8221;.vc_custom_1592463268121{padding-top: 2em !important;padding-bottom: 1em !important;}&#8221;]<\/p>\n<h2 class=\"p1\" style=\"text-align: center;\">Serviettes, chemins de table et torchons de 100% lin lav\u00e9 fran\u00e7ais<\/h2>\n<h3 class=\"p1\" style=\"text-align: center;\">R\u00e9colt\u00e9 en Normandie et tiss\u00e9 dans le Nord. Con\u00e7us et fabriqu\u00e9s dans notre Atelier<\/h3>\n<p>[\/vc_column_text][\/vc_column][\/vc_row][vc_row css=&#8221;.vc_custom_1582305555110{padding-bottom: 20% !important;}&#8221;][vc_column width=&#8221;1\/3&#8243;][vc_single_image image=&#8221;1039&#8243; img_size=&#8221;full&#8221; onclick=&#8221;custom_link&#8221; link=&#8221;https:\/\/www.kathrynsanderson.com\/fr\/produit\/cucina-rustica-torchon\/&#8221;][vc_btn title=&#8221;Regardez les torchons&#8221; style=&#8221;outline&#8221; shape=&#8221;square&#8221; size=&#8221;lg&#8221; align=&#8221;center&#8221; link=&#8221;url:https%3A%2F%2Fwww.kathrynsanderson.com%2Ffr%2Fproduit%2Fcucina-rustica-torchon%2F|title:Les%20Torchons%20Cucina%20Rustica|&#8221;][\/vc_column][vc_column width=&#8221;1\/3&#8243;][vc_single_image image=&#8221;1046&#8243; img_size=&#8221;full&#8221; onclick=&#8221;custom_link&#8221; link=&#8221;https:\/\/www.kathrynsanderson.com\/fr\/produit\/serviette-cucina-rustica\/&#8221;][vc_btn title=&#8221;Regardez les serviettes de table&#8221; style=&#8221;outline&#8221; shape=&#8221;square&#8221; size=&#8221;lg&#8221; align=&#8221;center&#8221; link=&#8221;url:https%3A%2F%2Fwww.kathrynsanderson.com%2Ffr%2Fproduit%2Fserviette-cucina-rustica%2F|title:Les%20Serviettes%20de%20Table%20Cucina%20Rustica|&#8221;][\/vc_column][vc_column width=&#8221;1\/3&#8243;][vc_single_image image=&#8221;3816&#8243; img_size=&#8221;full&#8221; onclick=&#8221;custom_link&#8221; link=&#8221;https:\/\/www.kathrynsanderson.com\/fr\/produit\/chemin-de-table-cucina-rustica\/&#8221;][vc_btn title=&#8221;Regardez les chemins de table&#8221; style=&#8221;outline&#8221; shape=&#8221;square&#8221; size=&#8221;lg&#8221; align=&#8221;center&#8221; link=&#8221;url:https%3A%2F%2Fwww.kathrynsanderson.com%2Ffr%2Fproduit%2Fchemin-de-table-cucina-rustica%2F|title:Les%20Chemins%20de%20Table%20Cucina%20Rustica|&#8221;][\/vc_column][\/vc_row]<\/p>\n","protected":false},"excerpt":{"rendered":"<p>[vc_row content_placement=&#8221;top&#8221;][vc_column css=&#8221;.vc_custom_1592467240656{padding-bottom: 120% !important;background-image: url(https:\/\/www.kathrynsanderson.com\/wp-content\/uploads\/2020\/02\/CURU_DSC_9282-1.jpg?id=1009) !important;background-position: center !important;background-repeat: no-repeat !important;background-size: cover !important;}&#8221;][\/vc_column][\/vc_row][vc_row][vc_column][vc_column_text css=&#8221;.vc_custom_1592463268121{padding-top: 2em !important;padding-bottom: 1em !important;}&#8221;] Serviettes, chemins de table et torchons de 100% lin lav\u00e9 fran\u00e7ais R\u00e9colt\u00e9 en Normandie et tiss\u00e9 dans le Nord. Con\u00e7us et fabriqu\u00e9s dans notre Atelier [\/vc_column_text][\/vc_column][\/vc_row][vc_row css=&#8221;.vc_custom_1582305555110{padding-bottom: 20% !important;}&#8221;][vc_column width=&#8221;1\/3&#8243;][vc_single_image image=&#8221;1039&#8243; img_size=&#8221;full&#8221; onclick=&#8221;custom_link&#8221; link=&#8221;https:\/\/www.kathrynsanderson.com\/fr\/produit\/cucina-rustica-torchon\/&#8221;][vc_btn title=&#8221;Regardez les torchons&#8221; [&hellip;]<\/p>\n","protected":false},"author":1,"featured_media":0,"parent":0,"menu_order":0,"comment_status":"closed","ping_status":"closed","template":"page-full-width.php","meta":[],"yoast_head":"<!-- This site is optimized with the Yoast SEO plugin v15.9 - https:\/\/yoast.com\/wordpress\/plugins\/seo\/ -->\n<title>Cucina Rustica - Atelier Kathryn Sanderson<\/title>\n<meta name=\"robots\" content=\"index, follow, max-snippet:-1, max-image-preview:large, max-video-preview:-1\" \/>\n<link rel=\"canonical\" href=\"https:\/\/www.kathrynsanderson.com\/fr\/cucinarustica\/\" \/>\n<meta property=\"og:locale\" content=\"fr_FR\" \/>\n<meta property=\"og:type\" content=\"article\" \/>\n<meta property=\"og:title\" content=\"Cucina Rustica - Atelier Kathryn Sanderson\" \/>\n<meta property=\"og:description\" content=\"[vc_row content_placement=&#8221;top&#8221;][vc_column css=&#8221;.vc_custom_1592467240656{padding-bottom: 120% !important;background-image: url(https:\/\/www.kathrynsanderson.com\/wp-content\/uploads\/2020\/02\/CURU_DSC_9282-1.jpg?id=1009) !important;background-position: center !important;background-repeat: no-repeat !important;background-size: cover !important;}&#8221;][\/vc_column][\/vc_row][vc_row][vc_column][vc_column_text css=&#8221;.vc_custom_1592463268121{padding-top: 2em !important;padding-bottom: 1em !important;}&#8221;] Serviettes, chemins de table et torchons de 100% lin lav\u00e9 fran\u00e7ais R\u00e9colt\u00e9 en Normandie et tiss\u00e9 dans le Nord. Con\u00e7us et fabriqu\u00e9s dans notre Atelier [\/vc_column_text][\/vc_column][\/vc_row][vc_row css=&#8221;.vc_custom_1582305555110{padding-bottom: 20% !important;}&#8221;][vc_column width=&#8221;1\/3&#8243;][vc_single_image image=&#8221;1039&#8243; img_size=&#8221;full&#8221; onclick=&#8221;custom_link&#8221; link=&#8221;https:\/\/www.kathrynsanderson.com\/fr\/produit\/cucina-rustica-torchon\/&#8221;][vc_btn title=&#8221;Regardez les torchons&#8221; [&hellip;]\" \/>\n<meta property=\"og:url\" content=\"https:\/\/www.kathrynsanderson.com\/fr\/cucinarustica\/\" \/>\n<meta property=\"og:site_name\" content=\"Atelier Kathryn Sanderson\" \/>\n<meta property=\"article:publisher\" content=\"https:\/\/www.facebook.com\/ATELIERKATHRYNSANDERSON\" \/>\n<meta property=\"article:modified_time\" content=\"2020-06-25T20:54:47+00:00\" \/>\n<meta name=\"twitter:card\" content=\"summary_large_image\" \/>\n<meta name=\"twitter:label1\" content=\"Dur\u00e9e de lecture est.\">\n\t<meta name=\"twitter:data1\" content=\"1 minute\">\n<script type=\"application\/ld+json\" class=\"yoast-schema-graph\">{\"@context\":\"https:\/\/schema.org\",\"@graph\":[{\"@type\":\"Organization\",\"@id\":\"https:\/\/www.kathrynsanderson.com\/#organization\",\"name\":\"Atelier Kathryn Sanderson\",\"url\":\"https:\/\/www.kathrynsanderson.com\/\",\"sameAs\":[\"https:\/\/www.facebook.com\/ATELIERKATHRYNSANDERSON\",\"https:\/\/www.instagram.com\/kathrynsanderson\",\"https:\/\/fr.linkedin.com\/in\/kathryn-sanderson-077587149\",\"https:\/\/www.pinterest.fr\/ATELIERKATHRYNSANDERSON\/\"],\"logo\":{\"@type\":\"ImageObject\",\"@id\":\"https:\/\/www.kathrynsanderson.com\/#logo\",\"inLanguage\":\"fr-FR\",\"url\":\"https:\/\/www.kathrynsanderson.com\/wp-content\/uploads\/2022\/11\/AKS_LOGO_BLACK.jpg\",\"width\":672,\"height\":383,\"caption\":\"Atelier Kathryn Sanderson\"},\"image\":{\"@id\":\"https:\/\/www.kathrynsanderson.com\/#logo\"}},{\"@type\":\"WebSite\",\"@id\":\"https:\/\/www.kathrynsanderson.com\/#website\",\"url\":\"https:\/\/www.kathrynsanderson.com\/\",\"name\":\"Atelier Kathryn Sanderson\",\"description\":\"The Empire strikes back\",\"publisher\":{\"@id\":\"https:\/\/www.kathrynsanderson.com\/#organization\"},\"potentialAction\":[{\"@type\":\"SearchAction\",\"target\":\"https:\/\/www.kathrynsanderson.com\/?s={search_term_string}\",\"query-input\":\"required name=search_term_string\"}],\"inLanguage\":\"fr-FR\"},{\"@type\":\"WebPage\",\"@id\":\"https:\/\/www.kathrynsanderson.com\/fr\/cucinarustica\/#webpage\",\"url\":\"https:\/\/www.kathrynsanderson.com\/fr\/cucinarustica\/\",\"name\":\"Cucina Rustica - Atelier Kathryn Sanderson\",\"isPartOf\":{\"@id\":\"https:\/\/www.kathrynsanderson.com\/#website\"},\"datePublished\":\"2020-03-18T14:48:07+00:00\",\"dateModified\":\"2020-06-25T20:54:47+00:00\",\"breadcrumb\":{\"@id\":\"https:\/\/www.kathrynsanderson.com\/fr\/cucinarustica\/#breadcrumb\"},\"inLanguage\":\"fr-FR\",\"potentialAction\":[{\"@type\":\"ReadAction\",\"target\":[\"https:\/\/www.kathrynsanderson.com\/fr\/cucinarustica\/\"]}]},{\"@type\":\"BreadcrumbList\",\"@id\":\"https:\/\/www.kathrynsanderson.com\/fr\/cucinarustica\/#breadcrumb\",\"itemListElement\":[{\"@type\":\"ListItem\",\"position\":1,\"item\":{\"@type\":\"WebPage\",\"@id\":\"https:\/\/www.kathrynsanderson.com\/fr\/atelier-kathryn-sanderson\/\",\"url\":\"https:\/\/www.kathrynsanderson.com\/fr\/atelier-kathryn-sanderson\/\",\"name\":\"Home\"}},{\"@type\":\"ListItem\",\"position\":2,\"item\":{\"@type\":\"WebPage\",\"@id\":\"https:\/\/www.kathrynsanderson.com\/fr\/cucinarustica\/\",\"url\":\"https:\/\/www.kathrynsanderson.com\/fr\/cucinarustica\/\",\"name\":\"Cucina Rustica\"}}]}]}<\/script>\n<!-- \/ Yoast SEO plugin. -->","_links":{"self":[{"href":"https:\/\/www.kathrynsanderson.com\/fr\/wp-json\/wp\/v2\/pages\/1305"}],"collection":[{"href":"https:\/\/www.kathrynsanderson.com\/fr\/wp-json\/wp\/v2\/pages"}],"about":[{"href":"https:\/\/www.kathrynsanderson.com\/fr\/wp-json\/wp\/v2\/types\/page"}],"author":[{"embeddable":true,"href":"https:\/\/www.kathrynsanderson.com\/fr\/wp-json\/wp\/v2\/users\/1"}],"replies":[{"embeddable":true,"href":"https:\/\/www.kathrynsanderson.com\/fr\/wp-json\/wp\/v2\/comments?post=1305"}],"version-history":[{"count":36,"href":"https:\/\/www.kathrynsanderson.com\/fr\/wp-json\/wp\/v2\/pages\/1305\/revisions"}],"predecessor-version":[{"id":3821,"href":"https:\/\/www.kathrynsanderson.com\/fr\/wp-json\/wp\/v2\/pages\/1305\/revisions\/3821"}],"wp:attachment":[{"href":"https:\/\/www.kathrynsanderson.com\/fr\/wp-json\/wp\/v2\/media?parent=1305"}],"curies":[{"name":"wp","href":"https:\/\/api.w.org\/{rel}","templated":true}]}}